{"id":29614,"date":"2023-06-23T12:27:59","date_gmt":"2023-06-23T12:27:59","guid":{"rendered":"https:\/\/ibondesign.com\/terms-of-use\/"},"modified":"2023-07-18T09:50:00","modified_gmt":"2023-07-18T09:50:00","slug":"condiciones-de-uso","status":"publish","type":"page","link":"https:\/\/ibondesign.com\/es\/condiciones-de-uso\/","title":{"rendered":"Condiciones de Uso"},"content":{"rendered":"<div id=\"legal-page\">\n<p><i>Estas condiciones de uso fueron actualizadas por \u00faltima vez el 22 junio, 2023 y se aplica a los ciudadanos y residentes legales permanentes del Espacio Econ\u00f3mico Europeo y Suiza.<\/i><\/p>\n<h2><strong>1) Identificaci\u00f3n de la titular del sitio web<\/strong><\/h2>\n<p>En cumplimiento de la Ley 34\/2002, de 11 de julio, de Servicios de la Sociedad de la Informaci\u00f3n y del Comercio Electr\u00f3nico, y normativa concordante, le informamos de que NEREA MORENO RUIZ es la titular del sitio <a href=\"http:\/\/www.ibondesign.com\/es\">www.ibondesign.com<\/a>.<\/p>\n<p><u>Datos de identificaci\u00f3n y contacto de la titular de este sitio web:<\/u><\/p>\n<p>Titular: NEREA MORENO RUIZ, con DNI 76922748-F y domicilio en 16 Hazeldean Terrace, EH165RU, Edinburgh &#8211; Scotland (Reino Unido). Pueden contactar por correo postal con la titular de la web a trav\u00e9s de esta direcci\u00f3n.<\/p>\n<p>Actividad empresarial: la prestaci\u00f3n de servicios de dise\u00f1o de imagen de marca y de dise\u00f1o, creaci\u00f3n y mantenimiento de sitios web.<\/p>\n<p><u>Medios de contacto directo<\/u>:<\/p>\n<p>E-mail: <a href=\"mailto:nerea@ibondesign.com\">nerea@ibondesign.com<\/a><\/p>\n<p>Tel\u00e9fono: <a href=\"tel:+34693531832\">693 531 832<\/a><\/p>\n<h2><strong>2) Usuarios de este sitio web:<\/strong><\/h2>\n<p>Rogamos a los usuarios de nuestro sitio web que lean atentamente estas condiciones de uso.<\/p>\n<p><u>El acceso y\/o uso de este sitio web le convierte en usuario, supone que ha le\u00eddo de forma \u00edntegra estas condiciones de uso, y lleva consigo su total aceptaci\u00f3n sin reservas, adem\u00e1s de la obligaci\u00f3n de respetarlas<\/u>. En el supuesto de que no est\u00e9 de acuerdo con todo o parte de estas condiciones de uso, deber\u00e1 abstenerse de utilizar este sitio web.<\/p>\n<h2><strong>3) Condiciones de uso de este sitio web y de sus contenidos:<\/strong><\/h2>\n<p>El sitio web <a href=\"http:\/\/www.ibondesign.com\/es\">www.ibondesign.com<\/a> ha sido creado por NEREA MORENO RUIZ, para ofrecer informaci\u00f3n sobre sus servicios de dise\u00f1o de imagen de marca, y dise\u00f1o, creaci\u00f3n y mantenimiento de sitios web, y que el usuario pueda contactar para solicitar presupuesto, plantear dudas o cuestiones relacionados con nuestros servicios, o realizar propuestas de colaboraci\u00f3n. Nuestra intenci\u00f3n es promocionar y dar a conocer por medio de nuestra web los servicios que prestamos.<\/p>\n<p>Los materiales, contenido, comentarios y noticias que pueda contener nuestra web tambi\u00e9n tienen finalidad informativa, y pueden ser modificados sin previo aviso.<\/p>\n<p>Este sitio web es propiedad de NEREA MORENO RUIZ (en adelante la titular, de forma indistinta), por lo que <u>como usuario deber\u00e1 respetar escrupulosamente todos los derechos de propiedad intelectual que contiene<\/u>. Todos los contenidos de la web, entendiendo por estos, a t\u00edtulo meramente enunciativo, los textos, fotograf\u00edas, gr\u00e1ficos, im\u00e1genes, iconos, tecnolog\u00eda, software, links y dem\u00e1s contenidos audiovisuales o sonoros, as\u00ed como su dise\u00f1o gr\u00e1fico y c\u00f3digos fuente (en adelante, los contenidos), son propiedad intelectual de la titular o de terceros. Por tanto, ninguno de sus contenidos podr\u00e1 ser cedido a otras personas, copiado, reproducido, publicado, cargado, transmitido, distribuido o explotado de ning\u00fan modo, y queda expresamente prohibido su uso en otro sitio web o plataforma inform\u00e1tica.<\/p>\n<p>El usuario s\u00ed puede utilizar el sitio web y usar sus contenidos de forma privada, de manera acorde con la finalidad de dicho sitio web. De este modo, el usuario puede realizar descargas y copias privadas temporales de los contenidos para su exclusivo uso personal y privado. No se autoriza en cambio que sean posteriormente cedidos a terceros. <u>Para ir m\u00e1s all\u00e1 de esta licencia limitada de uso, no exclusiva, no sub-licenciable, ni transferible, el usuario necesitar\u00e1 la autorizaci\u00f3n expresa de la titular<\/u>.<\/p>\n<p>El usuario se abstendr\u00e1 de utilizar el sitio web y\/o sus contenidos de forma que pueda dificultar, impedir o da\u00f1ar de alguna manera los mismos, los derechos de la titular, al resto de los usuarios o a cualquier tercero.<\/p>\n<p>El incumplimiento de estas condiciones de uso y utilizaci\u00f3n, la modificaci\u00f3n de los contenidos de este sitio web, o el uso de sus contenidos para fines distintos de los permitidos pueden vulnerar derechos de autor u otros derechos de propiedad intelectual, por lo que estos comportamientos pueden situar al usuario fuera de la ley con las consecuencias jur\u00eddicas que ello conlleva.<\/p>\n<p>El usuario se responsabiliza de la veracidad de los datos y se hace responsable de los contenidos que pueda facilitar al titular del sitio web, bien a trav\u00e9s de email, bien por medio del formulario web en el momento en que fuera habilitado. Por tanto, asume la responsabilidad legal que pudiera derivarse por la utilizaci\u00f3n o uso indebido de datos y contenidos de los que carece de derecho a ponerlos a disposici\u00f3n de terceras personas.<\/p>\n<p>El usuario se obliga a no introducir o difundir por medio de este sitio web ning\u00fan tipo de programa, virus, c\u00f3digo, datos o cualquier otro tipo de elemento o instrumento de cualquier naturaleza, que sea (o aunque no sea) susceptible de causar da\u00f1os o perjuicios a la web, a equipos, sistemas o redes tanto de la titular, como de cualquier tercero.<\/p>\n<p>El usuario se obliga a no modificar, ni alterar de ning\u00fan modo este sitio web y\/o sus contenidos, ni a imitarlos, enajenarlos o transmitirlos de cualquier forma.<\/p>\n<p><u>En definitiva, el usuario no podr\u00e1 realizar ning\u00fan uso diferente al permitido en estas condiciones.<\/u><\/p>\n<p><u>La titular se reserva el derecho a modificar en cualquier momento estas condiciones de uso y utilizaci\u00f3n de su sitio web<\/u>, por lo que el usuario deber\u00e1 siempre estar al contenido actualizado de las mismas. Igualmente se reserva el derecho a modificar cualquier informaci\u00f3n que contenga su sitio web.<\/p>\n<p>La titular pone sus mejores esfuerzos en que este sitio web y sus contenidos gocen de la m\u00e1xima calidad y seguridad. No obstante, por las caracter\u00edsticas y limitaciones de internet no podemos garantizar la disponibilidad de los contenidos y continuidad del funcionamiento de la web, ni la ausencia de ataques externos que puedan introducir agentes nocivos o lesivos en el sistema. En consecuencia, <u>no podemos hacernos responsables de los da\u00f1os y perjuicios que pudieran llegarse a producir por estas circunstancias indeseables, dado que por mucha diligencia que pongamos en nuestros actos hay riesgos que no podemos reducir a cero<\/u>.<\/p>\n<p>La titular no se responsabiliza de los errores, carencias u omisiones de que puedan adolecer tanto el sitio web, como sus contenidos, ni de los contenidos a los que pudiera accederse a trav\u00e9s de nuestro sitio web. Tampoco se responsabiliza de los actos o decisiones que los usuarios puedan realizar o adoptar sobre la base de los contenidos y e informaci\u00f3n obtenidos a trav\u00e9s de nuestro sitio web.<\/p>\n<p>La titular se reserva el derecho a interrumpir el acceso al sitio web, sin previo aviso y en cualquier momento, por el tiempo que considere oportuno, bien por motivos t\u00e9cnicos, de control, de seguridad o por cualquier otra causa.<\/p>\n<p>La titular proteger\u00e1 los datos personales de los usuarios y los utilizar\u00e1 siempre cumpliendo con la normativa vigente en cada momento. <u>Los usuarios tienen informaci\u00f3n ampliada sobre la privacidad y protecci\u00f3n de sus datos de car\u00e1cter personal en el apartado de <a href=\"https:\/\/ibondesign.com\/es\/politica-privacidad\/\" rel=\"noopener\" target=\"_blank\">Pol\u00edtica de Privacidad<\/a><\/u><strong>.<\/strong><\/p>\n<p>Estas condiciones de uso \u00fanicamente se refieren a nuestro sitio web y contenidos, por lo que no son extensibles a otras web, enlaces o contenidos a los que pueda accederse a trav\u00e9s de nuestra web. Tampoco nos hacemos responsables de los contenidos, productos o servicios ofrecidos por terceros que tengan establecidos enlaces a nuestro sitio web. Por consiguiente, en caso de acceder a otros sitios web a trav\u00e9s del nuestro, el usuario deber\u00e1 tener en cuenta y, en su caso, aceptar previamente, las correspondientes condiciones de uso y pol\u00edticas de privacidad.<\/p>\n<p>La titular puede ofrecer al usuario por medio de su sitio web enlaces a otras web o servicios de terceros, \u00fanicamente por si pudieran ser de inter\u00e9s del usuario y para su comodidad, siendo de su exclusiva responsabilidad leer y aceptar las condiciones de uso y pol\u00edtica de privacidad correspondientes a cada uno de los sitios.<\/p>\n<p>La titular proceder\u00e1 a retirar de manera inmediata cualquier enlace que se encuentre vinculado a su web, en el momento en que se percate de que contraviene la normativa vigente, o es contrario a la moral o al orden p\u00fablico.<\/p>\n<p><u>En caso de que el usuario precisara ponerse en contacto con la titular con motivo de estas condiciones de uso, pueden dirigirse a <\/u><a href=\"mailto:nerea@ibondesign.com\">nerea@ibondesign.com<\/a><\/p>\n<p>La titular respeta y cumple la normativa vigente, los derechos de terceros, y act\u00faa en todo caso de buena fe. El usuario de su sitio web se obliga a actuar del mismo modo. Por tanto, <u>en caso de que encontraran errores o incidencias t\u00e9cnicas en el sitio web, errores o inexactitudes en sus contenidos, o contenidos que no cumplen con la normativa aplicable, les rogamos que se pongan en contacto a trav\u00e9s de <\/u><a href=\"mailto:nerea@ibondesign.com\">nerea@ibondesign.com<\/a>.<\/p>\n<p><u>Las condiciones establecidas en este documento se rigen e interpretan seg\u00fan la legislaci\u00f3n espa\u00f1ola vigente y el principio de buena fe. <\/u><\/p>\n<p>La ilicitud, invalidez o ineficacia de cualquiera de estas condiciones de uso no afectar\u00e1 a la eficacia del resto, siempre que los derechos y obligaciones de las partes derivadas de dichas condiciones de uso no se vieran afectados de forma esencial, de forma que se lesionen gravemente los intereses de cualquiera de las partes, o que la ilicitud, invalidez o ineficacia recaiga sobre el objeto mismo de las presentes condiciones de uso. En su caso, las condiciones a sustituir se reemplazar\u00e1n o integrar\u00e1n con otras que, cumpliendo con la normativa, respondan a la finalidad de las que sean sustituidas. Las partes renuncian a cualquier reclamaci\u00f3n o acci\u00f3n por da\u00f1os y perjuicios que pudiera haber lugar por realizarse esta circunstancia.<\/p>\n<p><u>El acceso al sitio web supone la aceptaci\u00f3n por parte del usuario de estas condiciones de uso<\/u>. Si no estuviera de acuerdo, en todo o en parte, por favor, abst\u00e9ngase de utilizar este sitio web.<\/p>\n<p>En caso de controversia, conflicto, o reclamaci\u00f3n entre el usuario y la titular de la web derivadas del uso de este sitio web, su soluci\u00f3n se someter\u00e1 preferentemente a la buena voluntad de las partes por medio del mutuo acuerdo. En caso de que no fuera posible esta soluci\u00f3n de mutuo acuerdo, se someter\u00e1n a los Juzgados y Tribunales que correspondan seg\u00fan la normativa aplicable, renunciando ambas partes expresamente a su propio fuero.<\/p>\n<p>Nos gustar\u00eda informarle sobre la oportunidad que tienen los consumidores de presentar quejas a la plataforma de resoluci\u00f3n de disputas en l\u00ednea de la Comisi\u00f3n Europea que se puede encontrar en la siguiente URL: <a href=\"https:\/\/ec.europa.eu\/consumers\/odr\/main\/index.cfm?event=main.home.chooseLanguage\" target=\"_blank\" rel=\"noopener\"> ec.europa.eu\/odr <\/a>\n<\/div>\n","protected":false},"excerpt":{"rendered":"<p>Estas condiciones de uso fueron actualizadas por \u00faltima vez el 22 junio, 2023 y se aplica a los ciudadanos y residentes legales permanentes del Espacio Econ\u00f3mico Europeo y Suiza. 1) Identificaci\u00f3n de la titular del sitio web En cumplimiento de la Ley 34\/2002, de 11 de julio, de Servicios de la Sociedad de la Informaci\u00f3n [&hellip;]<\/p>\n","protected":false},"author":1,"featured_media":0,"parent":0,"menu_order":0,"comment_status":"closed","ping_status":"closed","template":"","meta":{"_et_pb_use_builder":"","_et_pb_old_content":"","_et_gb_content_width":"","footnotes":""},"class_list":["post-29614","page","type-page","status-publish","hentry"],"_links":{"self":[{"href":"https:\/\/ibondesign.com\/es\/wp-json\/wp\/v2\/pages\/29614","targetHints":{"allow":["GET"]}}],"collection":[{"href":"https:\/\/ibondesign.com\/es\/wp-json\/wp\/v2\/pages"}],"about":[{"href":"https:\/\/ibondesign.com\/es\/wp-json\/wp\/v2\/types\/page"}],"author":[{"embeddable":true,"href":"https:\/\/ibondesign.com\/es\/wp-json\/wp\/v2\/users\/1"}],"replies":[{"embeddable":true,"href":"https:\/\/ibondesign.com\/es\/wp-json\/wp\/v2\/comments?post=29614"}],"version-history":[{"count":9,"href":"https:\/\/ibondesign.com\/es\/wp-json\/wp\/v2\/pages\/29614\/revisions"}],"predecessor-version":[{"id":30146,"href":"https:\/\/ibondesign.com\/es\/wp-json\/wp\/v2\/pages\/29614\/revisions\/30146"}],"wp:attachment":[{"href":"https:\/\/ibondesign.com\/es\/wp-json\/wp\/v2\/media?parent=29614"}],"curies":[{"name":"wp","href":"https:\/\/api.w.org\/{rel}","templated":true}]}}