{"id":27085,"date":"2019-08-26T16:56:02","date_gmt":"2019-08-26T16:56:02","guid":{"rendered":"https:\/\/ibondesign.com\/?page_id=27085"},"modified":"2019-09-03T09:40:51","modified_gmt":"2019-09-03T09:40:51","slug":"6-requisitos-clave-para-poner-tu-web-en-forma","status":"publish","type":"page","link":"https:\/\/ibondesign.com\/es\/6-requisitos-clave-para-poner-tu-web-en-forma\/","title":{"rendered":"Landing gu\u00eda 6 requisitos clave"},"content":{"rendered":"<p>[et_pb_section fb_built=\u00bb1&#8243; specialty=\u00bbon\u00bb _builder_version=\u00bb3.25.3&#8243;][et_pb_column type=\u00bb1_2&#8243; specialty_columns=\u00bb2&#8243; _builder_version=\u00bb3.25&#8243; custom_padding=\u00bb|||\u00bb custom_padding__hover=\u00bb|||\u00bb][et_pb_row_inner _builder_version=\u00bb3.25.3&#8243;][et_pb_column_inner saved_specialty_column_type=\u00bb1_2&#8243; _builder_version=\u00bb3.25.3&#8243;][et_pb_text admin_label=\u00bbTexto\u00bb module_class=\u00bbsignature\u00bb _builder_version=\u00bb3.25.3&#8243; text_font=\u00bbPoppins|300|||||||\u00bb text_text_align=\u00bbleft\u00bb text_font_size=\u00bb22px\u00bb text_letter_spacing=\u00bb4px\u00bb header_font=\u00bbSignature||||||||\u00bb background_image=\u00bbhttps:\/\/ibondesign.com\/wp-content\/uploads\/2019\/06\/border.png\u00bb background_size=\u00bbinitial\u00bb background_position=\u00bbtop_left\u00bb custom_padding=\u00bb40px|||40px\u00bb]<\/p>\n<h2>6 REQUISITOS CLAVE<br \/> PARA PONER<br \/> TU WEB<br \/><\/h2>\n<h6 class=\"right\">en forma<\/h6>\n<p>[\/et_pb_text][et_pb_text module_class=\u00bblist\u00bb _builder_version=\u00bb3.25.3&#8243;]<\/p>\n<p>Al igual que cuidas de tu negocio y tus clientes cada d\u00eda, es <strong>importante<\/strong> que <strong>cuides tu web<\/strong> que representa la esencia de tu negocio en el mundo online.<\/p>\n<p>Tener una web descuidada afecta a tu imagen de marca y por lo tanto a la percepci\u00f3n que tus clientes tienen de tu negocio.<\/p>\n<p>Te invito a que <strong>descargues<\/strong> mi gu\u00eda <strong>\u201c6 requisitos clave para poner tu web en forma\u201d<\/strong> que te ayudar\u00e1 a<\/p>\n<ul>\n<li>Saber qu\u00e9 es lo que est\u00e1 fallando en tu web y qu\u00e9 hace que seas invisible.<\/li>\n<li>Familiarizarte con la terminolog\u00eda t\u00e9cnica para comunicar lo que necesitas a tu desarrollador.<\/li>\n<li>Descubrir lo que tu web necesita para cumplir con tus objetivos<\/li>\n<\/ul>\n<p>[\/et_pb_text][\/et_pb_column_inner][\/et_pb_row_inner][et_pb_row_inner _builder_version=\u00bb3.25.3&#8243;][et_pb_column_inner saved_specialty_column_type=\u00bb1_2&#8243; _builder_version=\u00bb3.25.3&#8243;][et_pb_text _builder_version=\u00bb3.25.3&#8243;]Tener una web en forma significa tener una web&#8230;[\/et_pb_text][\/et_pb_column_inner][\/et_pb_row_inner][et_pb_row_inner column_structure=\u00bb1_2,1_2&#8243; _builder_version=\u00bb3.25.3&#8243;][et_pb_column_inner type=\u00bb1_2&#8243; saved_specialty_column_type=\u00bb1_2&#8243; _builder_version=\u00bb3.25.3&#8243;][et_pb_code module_class=\u00bblist\u00bb _builder_version=\u00bb3.25.3&#8243;]<\/p>\n<ul><!-- [et_pb_line_break_holder] -->  <\/p>\n<li>Segura<\/li>\n<p><!-- [et_pb_line_break_holder] -->  <\/p>\n<li>Responsive<\/li>\n<p><!-- [et_pb_line_break_holder] -->  <\/p>\n<li>Coherente<\/li>\n<p><!-- [et_pb_line_break_holder] --><\/ul>\n<p>[\/et_pb_code][\/et_pb_column_inner][et_pb_column_inner type=\u00bb1_2&#8243; saved_specialty_column_type=\u00bb1_2&#8243; _builder_version=\u00bb3.25.3&#8243;][et_pb_code module_class=\u00bblist\u00bb _builder_version=\u00bb3.25.3&#8243;]<\/p>\n<ul><!-- [et_pb_line_break_holder] -->  <\/p>\n<li>R\u00e1pida<\/li>\n<p><!-- [et_pb_line_break_holder] -->  <\/p>\n<li>Legal<\/li>\n<p><!-- [et_pb_line_break_holder] -->  <\/p>\n<li>Rentable<\/li>\n<p><!-- [et_pb_line_break_holder] --><\/ul>\n<p>[\/et_pb_code][\/et_pb_column_inner][\/et_pb_row_inner][et_pb_row_inner _builder_version=\u00bb3.25.3&#8243;][et_pb_column_inner saved_specialty_column_type=\u00bb1_2&#8243; _builder_version=\u00bb3.25.3&#8243;][et_pb_text _builder_version=\u00bb3.25.3&#8243;]<\/p>\n<h3 class=\"blue\" style=\"text-align: center;\">En definitiva una web actualizada, rentable y que si te representa<\/h3>\n<p>[\/et_pb_text][\/et_pb_column_inner][\/et_pb_row_inner][\/et_pb_column][et_pb_column type=\u00bb1_2&#8243; _builder_version=\u00bb3.25&#8243; custom_padding=\u00bb|||\u00bb custom_padding__hover=\u00bb|||\u00bb][et_pb_image src=\u00bbhttps:\/\/ibondesign.com\/wp-content\/uploads\/2019\/08\/portada-2.png\u00bb _builder_version=\u00bb3.25.3&#8243; width=\u00bb80%\u00bb][\/et_pb_image][et_pb_code module_class=\u00bbmailchimp-form\u00bb _builder_version=\u00bb3.25.3&#8243;]<!-- Begin Mailchimp Signup Form --><!-- [et_pb_line_break_holder] --><\/p>\n<div id=\"mc_embed_signup\"><!-- [et_pb_line_break_holder] --><\/p>\n<form action=\"https:\/\/ibondesign.us18.list-manage.com\/subscribe\/post?u=624825299fc209cc5812085ab&amp;id=224c916ab2\" method=\"post\" id=\"mc-embedded-subscribe-form\" name=\"mc-embedded-subscribe-form\" class=\"validate\" target=\"_blank\" novalidate><!-- [et_pb_line_break_holder] -->    <\/p>\n<div id=\"mc_embed_signup_scroll\"><!-- [et_pb_line_break_holder] -->\t<\/p>\n<h2>Descarga la gu\u00eda<\/h2>\n<p><!-- [et_pb_line_break_holder] --><\/p>\n<div class=\"mc-field-group\"><!-- [et_pb_line_break_holder] -->\t<label for=\"mce-FNOMBRE\">Nombre <\/label><!-- [et_pb_line_break_holder] -->\t<input type=\"text\" value=\"\" name=\"FNOMBRE\" class=\"required\" id=\"mce-FNOMBRE\"><!-- [et_pb_line_break_holder] --><\/div>\n<p><!-- [et_pb_line_break_holder] --><\/p>\n<div class=\"mc-field-group\"><!-- [et_pb_line_break_holder] -->\t<label for=\"mce-EMAIL\">Email <\/label><!-- [et_pb_line_break_holder] -->\t<input type=\"email\" value=\"\" name=\"EMAIL\" class=\"required email\" id=\"mce-EMAIL\"><!-- [et_pb_line_break_holder] --><\/div>\n<p><!-- [et_pb_line_break_holder] --><\/p>\n<div id=\"mergeRow-gdpr\" class=\"mergeRow gdpr-mergeRow content__gdprBlock mc-field-group\"><!-- [et_pb_line_break_holder] -->    <\/p>\n<div class=\"content__gdpr\"><!-- [et_pb_line_break_holder] -->        <label>Aceptar permisos<\/label><!-- [et_pb_line_break_holder] -->        <pee>Marca la casilla para indicar que has le\u00eddo y aceptas la pol\u00edtica de privacidad<\/pee><!-- [et_pb_line_break_holder] -->        <\/p>\n<fieldset class=\"mc_fieldset gdprRequired mc-field-group\" name=\"interestgroup_field\"><!-- [et_pb_line_break_holder] -->\t\t<label class=\"checkbox subfield\" for=\"gdpr_58699\"><input type=\"checkbox\" id=\"gdpr_58699\" name=\"gdpr[58699]\" value=\"Y\" class=\"av-checkbox gdpr\"><span>Doy mi consentimiento para el tratamiento de mis datos personales.<\/span> <\/label><!-- [et_pb_line_break_holder] -->        <\/fieldset>\n<p><!-- [et_pb_line_break_holder] -->        <pee>He le\u00eddo y acepto la <a target=\"_blank\" href=\"\/?page_id=592\" rel=\"noopener noreferrer\">pol\u00edtica de privacidad<\/a><\/pee><!-- [et_pb_line_break_holder] -->    <\/div>\n<p><!-- [et_pb_line_break_holder] -->    <\/p>\n<div class=\"content__gdprLegal\"><!-- [et_pb_line_break_holder] -->        <pee>We use Mailchimp as our marketing platform. By clicking below to subscribe, you acknowledge that your information will be transferred to Mailchimp for processing. <a href=\"https:\/\/mailchimp.com\/legal\/\" target=\"_blank\" rel=\"noopener noreferrer\">Learn more about Mailchimp&#8217;s privacy practices here.<\/a><\/pee><!-- [et_pb_line_break_holder] -->    <\/div>\n<p><!-- [et_pb_line_break_holder] --><\/div>\n<p><!-- [et_pb_line_break_holder] -->\t<\/p>\n<div id=\"mce-responses\" class=\"clear\"><!-- [et_pb_line_break_holder] -->\t\t<\/p>\n<div class=\"response\" id=\"mce-error-response\" style=\"display:none\"><\/div>\n<p><!-- [et_pb_line_break_holder] -->\t\t<\/p>\n<div class=\"response\" id=\"mce-success-response\" style=\"display:none\"><\/div>\n<p><!-- [et_pb_line_break_holder] -->\t<\/div>\n<p>    <!-- real people should not fill this in and expect good things - do not remove this or risk form bot signups--><!-- [et_pb_line_break_holder] -->    <\/p>\n<div style=\"position: absolute; left: -5000px;\" aria-hidden=\"true\"><input type=\"text\" name=\"b_624825299fc209cc5812085ab_224c916ab2\" tabindex=\"-1\" value=\"\"><\/div>\n<p><!-- [et_pb_line_break_holder] -->    <\/p>\n<div class=\"clear\"><input type=\"submit\" value=\"DESCARGAR\" name=\"subscribe\" id=\"mc-embedded-subscribe\" class=\"button\"><\/div>\n<p><!-- [et_pb_line_break_holder] -->    <\/div>\n<p><!-- [et_pb_line_break_holder] --><\/form>\n<p><!-- [et_pb_line_break_holder] --><\/div>\n<p><!-- [et_pb_line_break_holder] --><!-- [et_pb_line_break_holder] --><!--End mc_embed_signup-->[\/et_pb_code][\/et_pb_column][\/et_pb_section][et_pb_section fb_built=\u00bb1&#8243; _builder_version=\u00bb3.25.3&#8243;][et_pb_row _builder_version=\u00bb3.25.3&#8243;][et_pb_column type=\u00bb4_4&#8243; _builder_version=\u00bb3.25.3&#8243;][et_pb_button button_url=\u00bbhttps:\/\/ibondesign.com\/\u00bb button_text=\u00bbIR A LA HOME\u00bb button_alignment=\u00bbcenter\u00bb _builder_version=\u00bb3.25.3&#8243; background_layout=\u00bbdark\u00bb button_text_size__hover_enabled=\u00bboff\u00bb button_text_size__hover=\u00bbnull\u00bb button_one_text_size__hover_enabled=\u00bboff\u00bb button_one_text_size__hover=\u00bbnull\u00bb button_two_text_size__hover_enabled=\u00bboff\u00bb button_two_text_size__hover=\u00bbnull\u00bb button_text_color__hover_enabled=\u00bboff\u00bb button_text_color__hover=\u00bbnull\u00bb button_one_text_color__hover_enabled=\u00bboff\u00bb button_one_text_color__hover=\u00bbnull\u00bb button_two_text_color__hover_enabled=\u00bboff\u00bb button_two_text_color__hover=\u00bbnull\u00bb button_border_width__hover_enabled=\u00bboff\u00bb button_border_width__hover=\u00bbnull\u00bb button_one_border_width__hover_enabled=\u00bboff\u00bb button_one_border_width__hover=\u00bbnull\u00bb button_two_border_width__hover_enabled=\u00bboff\u00bb button_two_border_width__hover=\u00bbnull\u00bb button_border_color__hover_enabled=\u00bboff\u00bb button_border_color__hover=\u00bbnull\u00bb button_one_border_color__hover_enabled=\u00bboff\u00bb button_one_border_color__hover=\u00bbnull\u00bb button_two_border_color__hover_enabled=\u00bboff\u00bb button_two_border_color__hover=\u00bbnull\u00bb button_border_radius__hover_enabled=\u00bboff\u00bb button_border_radius__hover=\u00bbnull\u00bb button_one_border_radius__hover_enabled=\u00bboff\u00bb button_one_border_radius__hover=\u00bbnull\u00bb button_two_border_radius__hover_enabled=\u00bboff\u00bb button_two_border_radius__hover=\u00bbnull\u00bb button_letter_spacing__hover_enabled=\u00bboff\u00bb button_letter_spacing__hover=\u00bbnull\u00bb button_one_letter_spacing__hover_enabled=\u00bboff\u00bb button_one_letter_spacing__hover=\u00bbnull\u00bb button_two_letter_spacing__hover_enabled=\u00bboff\u00bb button_two_letter_spacing__hover=\u00bbnull\u00bb button_bg_color__hover_enabled=\u00bboff\u00bb button_bg_color__hover=\u00bbnull\u00bb button_one_bg_color__hover_enabled=\u00bboff\u00bb button_one_bg_color__hover=\u00bbnull\u00bb button_two_bg_color__hover_enabled=\u00bboff\u00bb button_two_bg_color__hover=\u00bbnull\u00bb][\/et_pb_button][\/et_pb_column][\/et_pb_row][\/et_pb_section]<\/p>\n","protected":false},"excerpt":{"rendered":"<p>6 REQUISITOS CLAVE PARA PONER TU WEB en formaAl igual que cuidas de tu negocio y tus clientes cada d\u00eda, es importante que cuides tu web que representa la esencia de tu negocio en el mundo online. Tener una web descuidada afecta a tu imagen de marca y por lo tanto a la percepci\u00f3n que [&hellip;]<\/p>\n","protected":false},"author":1,"featured_media":0,"parent":0,"menu_order":0,"comment_status":"closed","ping_status":"closed","template":"","meta":{"_et_pb_use_builder":"on","_et_pb_old_content":"","_et_gb_content_width":"","footnotes":""},"class_list":["post-27085","page","type-page","status-publish","hentry"],"_links":{"self":[{"href":"https:\/\/ibondesign.com\/es\/wp-json\/wp\/v2\/pages\/27085","targetHints":{"allow":["GET"]}}],"collection":[{"href":"https:\/\/ibondesign.com\/es\/wp-json\/wp\/v2\/pages"}],"about":[{"href":"https:\/\/ibondesign.com\/es\/wp-json\/wp\/v2\/types\/page"}],"author":[{"embeddable":true,"href":"https:\/\/ibondesign.com\/es\/wp-json\/wp\/v2\/users\/1"}],"replies":[{"embeddable":true,"href":"https:\/\/ibondesign.com\/es\/wp-json\/wp\/v2\/comments?post=27085"}],"version-history":[{"count":33,"href":"https:\/\/ibondesign.com\/es\/wp-json\/wp\/v2\/pages\/27085\/revisions"}],"predecessor-version":[{"id":27232,"href":"https:\/\/ibondesign.com\/es\/wp-json\/wp\/v2\/pages\/27085\/revisions\/27232"}],"wp:attachment":[{"href":"https:\/\/ibondesign.com\/es\/wp-json\/wp\/v2\/media?parent=27085"}],"curies":[{"name":"wp","href":"https:\/\/api.w.org\/{rel}","templated":true}]}}